{"id":1701,"date":"2020-05-13T17:58:59","date_gmt":"2020-05-13T17:58:59","guid":{"rendered":"http:\/\/crmotosrosario.com.ar\/?post_type=product&#038;p=1701"},"modified":"2024-04-12T19:01:36","modified_gmt":"2024-04-12T19:01:36","slug":"aceite-fercoil-mineral-4t","status":"publish","type":"product","link":"https:\/\/crmotosrosario.com.ar\/wp\/producto\/aceite-fercoil-mineral-4t\/","title":{"rendered":"ACEITE FERCOL 20W50 MINERAL 4T-0009"},"content":{"rendered":"","protected":false},"excerpt":{"rendered":"<p>Lubricante de base mineral para motores de 4 tiempos. Recomendado para la mayor\u00eda de las motos cl\u00e1sicas que necesitan un producto muy resistente a la evaporaci\u00f3n. Este lubricante brinda una \u00f3ptima protecci\u00f3n al motor, embrague y caja de cambios, hasta en las condiciones m\u00e1s rigurosas de funcionamiento e incluso el funcionamiento continuado que alcanza altas revoluciones.<\/p>\n","protected":false},"featured_media":1702,"comment_status":"open","ping_status":"closed","template":"","meta":[],"product_cat":[233],"product_tag":[281],"_links":{"self":[{"href":"https:\/\/crmotosrosario.com.ar\/wp\/wp-json\/wp\/v2\/product\/1701"}],"collection":[{"href":"https:\/\/crmotosrosario.com.ar\/wp\/wp-json\/wp\/v2\/product"}],"about":[{"href":"https:\/\/crmotosrosario.com.ar\/wp\/wp-json\/wp\/v2\/types\/product"}],"replies":[{"embeddable":true,"href":"https:\/\/crmotosrosario.com.ar\/wp\/wp-json\/wp\/v2\/comments?post=1701"}],"wp:featuredmedia":[{"embeddable":true,"href":"https:\/\/crmotosrosario.com.ar\/wp\/wp-json\/wp\/v2\/media\/1702"}],"wp:attachment":[{"href":"https:\/\/crmotosrosario.com.ar\/wp\/wp-json\/wp\/v2\/media?parent=1701"}],"wp:term":[{"taxonomy":"product_cat","embeddable":true,"href":"https:\/\/crmotosrosario.com.ar\/wp\/wp-json\/wp\/v2\/product_cat?post=1701"},{"taxonomy":"product_tag","embeddable":true,"href":"https:\/\/crmotosrosario.com.ar\/wp\/wp-json\/wp\/v2\/product_tag?post=1701"}],"curies":[{"name":"wp","href":"https:\/\/api.w.org\/{rel}","templated":true}]}}