{"id":1785,"date":"2020-05-14T21:24:13","date_gmt":"2020-05-14T21:24:13","guid":{"rendered":"http:\/\/crmotosrosario.com.ar\/?post_type=product&#038;p=1785"},"modified":"2024-11-08T20:08:45","modified_gmt":"2024-11-08T20:08:45","slug":"liquido-refrigerante-motul-1l","status":"publish","type":"product","link":"https:\/\/crmotosrosario.com.ar\/wp\/producto\/liquido-refrigerante-motul-1l\/","title":{"rendered":"LIQUIDO REFRIGERANTE MOTUL 1L-0002"},"content":{"rendered":"","protected":false},"excerpt":{"rendered":"<p>L\u00edquido refrigerante listo para su uso en las cuatro estaciones, basado en Monoetilenglicol utilizando<br \/>\nuna tecnolog\u00eda que consiste en la mezcla de aditivos org\u00e1nicos y no org\u00e1nicos a lo que se le llama<br \/>\nAditivos H\u00edbridos. Este producto puede ser mezclado con todos los refrigerantes a base de<br \/>\nmonoethyleneglycol. Recomendado para todo tipo de sistemas de enfriamiento: Veh\u00edculos de pasajeros,<br \/>\nveh\u00edculos pesados, maquinaria de construcci\u00f3n, maquinaria de agricultura, motores estacionarios, etc.<\/p>\n","protected":false},"featured_media":1786,"comment_status":"open","ping_status":"closed","template":"","meta":[],"product_cat":[259],"product_tag":[280],"_links":{"self":[{"href":"https:\/\/crmotosrosario.com.ar\/wp\/wp-json\/wp\/v2\/product\/1785"}],"collection":[{"href":"https:\/\/crmotosrosario.com.ar\/wp\/wp-json\/wp\/v2\/product"}],"about":[{"href":"https:\/\/crmotosrosario.com.ar\/wp\/wp-json\/wp\/v2\/types\/product"}],"replies":[{"embeddable":true,"href":"https:\/\/crmotosrosario.com.ar\/wp\/wp-json\/wp\/v2\/comments?post=1785"}],"wp:featuredmedia":[{"embeddable":true,"href":"https:\/\/crmotosrosario.com.ar\/wp\/wp-json\/wp\/v2\/media\/1786"}],"wp:attachment":[{"href":"https:\/\/crmotosrosario.com.ar\/wp\/wp-json\/wp\/v2\/media?parent=1785"}],"wp:term":[{"taxonomy":"product_cat","embeddable":true,"href":"https:\/\/crmotosrosario.com.ar\/wp\/wp-json\/wp\/v2\/product_cat?post=1785"},{"taxonomy":"product_tag","embeddable":true,"href":"https:\/\/crmotosrosario.com.ar\/wp\/wp-json\/wp\/v2\/product_tag?post=1785"}],"curies":[{"name":"wp","href":"https:\/\/api.w.org\/{rel}","templated":true}]}}