{"id":1952,"date":"2020-05-18T22:15:04","date_gmt":"2020-05-18T22:15:04","guid":{"rendered":"http:\/\/crmotosrosario.com.ar\/?post_type=product&#038;p=1952"},"modified":"2024-04-12T19:50:35","modified_gmt":"2024-04-12T19:50:35","slug":"bujia-ngk-brasil-cr8eh-9s","status":"publish","type":"product","link":"https:\/\/crmotosrosario.com.ar\/wp\/producto\/bujia-ngk-brasil-cr8eh-9s\/","title":{"rendered":"BUJIA NGK BRASIL CR8EH-9S-0023"},"content":{"rendered":"","protected":false},"excerpt":{"rendered":"<p>Las\u00a0<b>buj\u00edas<\/b>\u00a0de encendido\u00a0<b>NGK<\/b>\u00a0poseen cobre insertado en el electrodo central. Esta caracter\u00edstica garantiza un excelente cambio de calor ampliando el rango t\u00e9rmico de trabajo de las\u00a0<b>buj\u00edas NGK<\/b>. Resistiendo en forma superior el calentamiento como as\u00ed tambi\u00e9n la carbonizaci\u00f3n.<\/p>\n<div class=\"woocommerce-product-details__short-description\">\n<p><strong>(EN LA GALERIA DE FOTOS SE ENCUENTRAN LAS MOTOS EN LAS QUE SE PUEDE APLICAR DICHA BUJ\u00cdA)<\/strong><\/p>\n<\/div>\n<div class=\"price-container clearfix info-container m-t-20\">\n<div class=\"prices\"><\/div>\n<\/div>\n","protected":false},"featured_media":1953,"comment_status":"open","ping_status":"closed","template":"","meta":[],"product_cat":[238],"product_tag":[281],"_links":{"self":[{"href":"https:\/\/crmotosrosario.com.ar\/wp\/wp-json\/wp\/v2\/product\/1952"}],"collection":[{"href":"https:\/\/crmotosrosario.com.ar\/wp\/wp-json\/wp\/v2\/product"}],"about":[{"href":"https:\/\/crmotosrosario.com.ar\/wp\/wp-json\/wp\/v2\/types\/product"}],"replies":[{"embeddable":true,"href":"https:\/\/crmotosrosario.com.ar\/wp\/wp-json\/wp\/v2\/comments?post=1952"}],"wp:featuredmedia":[{"embeddable":true,"href":"https:\/\/crmotosrosario.com.ar\/wp\/wp-json\/wp\/v2\/media\/1953"}],"wp:attachment":[{"href":"https:\/\/crmotosrosario.com.ar\/wp\/wp-json\/wp\/v2\/media?parent=1952"}],"wp:term":[{"taxonomy":"product_cat","embeddable":true,"href":"https:\/\/crmotosrosario.com.ar\/wp\/wp-json\/wp\/v2\/product_cat?post=1952"},{"taxonomy":"product_tag","embeddable":true,"href":"https:\/\/crmotosrosario.com.ar\/wp\/wp-json\/wp\/v2\/product_tag?post=1952"}],"curies":[{"name":"wp","href":"https:\/\/api.w.org\/{rel}","templated":true}]}}