{"id":3008,"date":"2020-06-11T11:52:49","date_gmt":"2020-06-11T11:52:49","guid":{"rendered":"http:\/\/crmotosrosario.com.ar\/?post_type=product&#038;p=3008"},"modified":"2024-07-10T19:51:08","modified_gmt":"2024-07-10T19:51:08","slug":"aceite-para-cadena-putoline-dx-11-500ml-holanda","status":"publish","type":"product","link":"https:\/\/crmotosrosario.com.ar\/wp\/producto\/aceite-para-cadena-putoline-dx-11-500ml-holanda\/","title":{"rendered":"ACEITE PARA CADENA PUTOLINE DX 11 500ML ( HOLANDA )-0004"},"content":{"rendered":"","protected":false},"excerpt":{"rendered":"<p>Putoline Oil es un proveedor de alta calidad de una amplia gama de productos lubricantes y de mantenimiento. Somos exclusivos porque solo ofrecemos productos para veh\u00edculos motorizados de 2 ruedas. Nuestros a\u00f1os de experiencia y una investigaci\u00f3n constante dan lugar a la mejor relaci\u00f3n calidad\/precio. La fabricaci\u00f3n de nuestros propios productos garantiza una gran calidad. Putoline Oil, impulsados por la tecnolog\u00eda<\/p>\n","protected":false},"featured_media":3009,"comment_status":"open","ping_status":"closed","template":"","meta":[],"product_cat":[232],"product_tag":[280],"_links":{"self":[{"href":"https:\/\/crmotosrosario.com.ar\/wp\/wp-json\/wp\/v2\/product\/3008"}],"collection":[{"href":"https:\/\/crmotosrosario.com.ar\/wp\/wp-json\/wp\/v2\/product"}],"about":[{"href":"https:\/\/crmotosrosario.com.ar\/wp\/wp-json\/wp\/v2\/types\/product"}],"replies":[{"embeddable":true,"href":"https:\/\/crmotosrosario.com.ar\/wp\/wp-json\/wp\/v2\/comments?post=3008"}],"wp:featuredmedia":[{"embeddable":true,"href":"https:\/\/crmotosrosario.com.ar\/wp\/wp-json\/wp\/v2\/media\/3009"}],"wp:attachment":[{"href":"https:\/\/crmotosrosario.com.ar\/wp\/wp-json\/wp\/v2\/media?parent=3008"}],"wp:term":[{"taxonomy":"product_cat","embeddable":true,"href":"https:\/\/crmotosrosario.com.ar\/wp\/wp-json\/wp\/v2\/product_cat?post=3008"},{"taxonomy":"product_tag","embeddable":true,"href":"https:\/\/crmotosrosario.com.ar\/wp\/wp-json\/wp\/v2\/product_tag?post=3008"}],"curies":[{"name":"wp","href":"https:\/\/api.w.org\/{rel}","templated":true}]}}