{"id":5818,"date":"2020-09-02T20:43:45","date_gmt":"2020-09-02T20:43:45","guid":{"rendered":"https:\/\/crmotosrosario.com.ar\/wp\/?post_type=product&#038;p=5818"},"modified":"2025-06-30T13:49:38","modified_gmt":"2025-06-30T13:49:38","slug":"1423-regulador-cte-continua-12v-trifasico-12a-con-salida-para-luces-siempre-encendida","status":"publish","type":"product","link":"https:\/\/crmotosrosario.com.ar\/wp\/producto\/1423-regulador-cte-continua-12v-trifasico-12a-con-salida-para-luces-siempre-encendida\/","title":{"rendered":"1423 Regulador. Cte. Cont\u00ednua 12V. Trif\u00e1sico 12A. Con salida para luces siempre encendida.-0003"},"content":{"rendered":"","protected":false},"excerpt":{"rendered":"<p>Regulador de Cte. Cont\u00ednua 12V. (Trif\u00e1sico 12A.) Con salida para luces delantera siempre encendida. Con Tecnolog\u00eda Mosfet.<\/p>\n<p class=\"blue\">Uso:<\/p>\n<p>ZANELLA: RX 200 Naked &#8211; 200 ZR (A\u00f1o 2017) &#8211; 250 RZ 25 (A\u00f1o 2013) &#8211; 250 ZR Enduro (A\u00f1o 2014) &#8211; 250 Patagonian Eagle (A\u00f1o 2015) &#8211; 250 ZR GTA (A\u00f1o 2017). BRAVA: 110 Nevada Automatic (A\u00f1o 2019) &#8211; 125 Nevada SP (A\u00f1o 2019) &#8211; 200 Aquila &#8211; 250 Daystar Routier (A\u00f1o 2014) &#8211; 250 Texana HS (A\u00f1o 2019). MONDIAL: EX 150K &#8211; RD 200K &#8211; RD 250R. MOTOMEL: 250 Sirius (A\u00f1o 2018). GILERA: VC 200R. CORVEN: 150 Expert Milano (A\u00f1o 2017).<\/p>\n<p><a class=\"Imagen cboxElement\" title=\"\" href=\"http:\/\/www.pietcard.com.ar\/content\/images\/productos\/1423g.jpg\" rel=\"nofollow\"><img decoding=\"async\" src=\"http:\/\/www.pietcard.com.ar\/content\/images\/productos\/1423.jpg\" alt=\"1423\" \/><\/a><\/p>\n<p class=\"blue\">Conexionado:<\/p>\n<p><img decoding=\"async\" src=\"http:\/\/www.pietcard.com.ar\/content\/images\/conexionado\/1423t.jpg\" alt=\"1423t\" \/><\/p>\n","protected":false},"featured_media":5934,"comment_status":"open","ping_status":"closed","template":"","meta":[],"product_cat":[253],"product_tag":[280],"_links":{"self":[{"href":"https:\/\/crmotosrosario.com.ar\/wp\/wp-json\/wp\/v2\/product\/5818"}],"collection":[{"href":"https:\/\/crmotosrosario.com.ar\/wp\/wp-json\/wp\/v2\/product"}],"about":[{"href":"https:\/\/crmotosrosario.com.ar\/wp\/wp-json\/wp\/v2\/types\/product"}],"replies":[{"embeddable":true,"href":"https:\/\/crmotosrosario.com.ar\/wp\/wp-json\/wp\/v2\/comments?post=5818"}],"wp:featuredmedia":[{"embeddable":true,"href":"https:\/\/crmotosrosario.com.ar\/wp\/wp-json\/wp\/v2\/media\/5934"}],"wp:attachment":[{"href":"https:\/\/crmotosrosario.com.ar\/wp\/wp-json\/wp\/v2\/media?parent=5818"}],"wp:term":[{"taxonomy":"product_cat","embeddable":true,"href":"https:\/\/crmotosrosario.com.ar\/wp\/wp-json\/wp\/v2\/product_cat?post=5818"},{"taxonomy":"product_tag","embeddable":true,"href":"https:\/\/crmotosrosario.com.ar\/wp\/wp-json\/wp\/v2\/product_tag?post=5818"}],"curies":[{"name":"wp","href":"https:\/\/api.w.org\/{rel}","templated":true}]}}