{"id":5884,"date":"2020-09-03T21:42:54","date_gmt":"2020-09-03T21:42:54","guid":{"rendered":"https:\/\/crmotosrosario.com.ar\/wp\/?post_type=product&#038;p=5884"},"modified":"2025-06-29T01:02:05","modified_gmt":"2025-06-29T01:02:05","slug":"1337-regulador-cte-continua-12v-trifasico-20a","status":"publish","type":"product","link":"https:\/\/crmotosrosario.com.ar\/wp\/producto\/1337-regulador-cte-continua-12v-trifasico-20a\/","title":{"rendered":"1337 Regulador Cte. Cont\u00ednua 12V. Trif\u00e1sico 20A.-0003"},"content":{"rendered":"","protected":false},"excerpt":{"rendered":"<p>Regulador de Cte. Cont\u00ednua 12V. (Trif\u00e1sico 20A.) Con Tecnolog\u00eda Mosfet.<\/p>\n<p class=\"blue\">Uso:<\/p>\n<p>HONDA: FALCON 400 NX-4 hasta 2014 con tablero anal\u00f3gico. (Cod. Original: Shindengen SH5326F)<\/p>\n<p><a class=\"Imagen cboxElement\" title=\"\" href=\"http:\/\/www.pietcard.com.ar\/content\/images\/productos\/1337g.jpg\" rel=\"nofollow\"><img decoding=\"async\" src=\"http:\/\/www.pietcard.com.ar\/content\/images\/productos\/1337.jpg\" alt=\"1337\" \/><\/a><\/p>\n<p class=\"blue\">Conexionado:<\/p>\n<p><img decoding=\"async\" src=\"http:\/\/www.pietcard.com.ar\/content\/images\/conexionado\/1337t.jpg\" alt=\"1337t\" \/><\/p>\n","protected":false},"featured_media":5929,"comment_status":"open","ping_status":"closed","template":"","meta":[],"product_cat":[253],"product_tag":[280],"_links":{"self":[{"href":"https:\/\/crmotosrosario.com.ar\/wp\/wp-json\/wp\/v2\/product\/5884"}],"collection":[{"href":"https:\/\/crmotosrosario.com.ar\/wp\/wp-json\/wp\/v2\/product"}],"about":[{"href":"https:\/\/crmotosrosario.com.ar\/wp\/wp-json\/wp\/v2\/types\/product"}],"replies":[{"embeddable":true,"href":"https:\/\/crmotosrosario.com.ar\/wp\/wp-json\/wp\/v2\/comments?post=5884"}],"wp:featuredmedia":[{"embeddable":true,"href":"https:\/\/crmotosrosario.com.ar\/wp\/wp-json\/wp\/v2\/media\/5929"}],"wp:attachment":[{"href":"https:\/\/crmotosrosario.com.ar\/wp\/wp-json\/wp\/v2\/media?parent=5884"}],"wp:term":[{"taxonomy":"product_cat","embeddable":true,"href":"https:\/\/crmotosrosario.com.ar\/wp\/wp-json\/wp\/v2\/product_cat?post=5884"},{"taxonomy":"product_tag","embeddable":true,"href":"https:\/\/crmotosrosario.com.ar\/wp\/wp-json\/wp\/v2\/product_tag?post=5884"}],"curies":[{"name":"wp","href":"https:\/\/api.w.org\/{rel}","templated":true}]}}