{"id":5886,"date":"2020-09-03T21:47:15","date_gmt":"2020-09-03T21:47:15","guid":{"rendered":"https:\/\/crmotosrosario.com.ar\/wp\/?post_type=product&#038;p=5886"},"modified":"2025-06-29T01:06:04","modified_gmt":"2025-06-29T01:06:04","slug":"1358-regulador-cte-continua-12v-trifasico-12a","status":"publish","type":"product","link":"https:\/\/crmotosrosario.com.ar\/wp\/producto\/1358-regulador-cte-continua-12v-trifasico-12a\/","title":{"rendered":"1358 Regulador Cte. Cont\u00ednua 12V. Trif\u00e1sico 12A.-0003"},"content":{"rendered":"","protected":false},"excerpt":{"rendered":"<p>Regulador de Cte. Cont\u00ednua 12V. (Trif\u00e1sico 12A.) Con Tecnolog\u00eda Mosfet.<\/p>\n<p class=\"blue\">Uso:<\/p>\n<p>SUZUKI: GN 125H (Desde A\u00f1o 2007) (C\u00f3d. Orig.: SH572A-12) &#8211; EN 125-2A (Cod. Original: SH572MB) &#8211; 125 AN Scooter.<\/p>\n<p><a class=\"Imagen cboxElement\" title=\"\" href=\"http:\/\/www.pietcard.com.ar\/content\/images\/productos\/1358g.jpg\" rel=\"nofollow\"><img decoding=\"async\" src=\"http:\/\/www.pietcard.com.ar\/content\/images\/productos\/1358.jpg\" alt=\"1358\" \/><\/a><\/p>\n<p class=\"blue\">Conexionado:<\/p>\n<p><img decoding=\"async\" src=\"http:\/\/www.pietcard.com.ar\/content\/images\/conexionado\/1358t.jpg\" alt=\"1358t\" \/><\/p>\n","protected":false},"featured_media":5928,"comment_status":"open","ping_status":"closed","template":"","meta":[],"product_cat":[253],"product_tag":[280],"_links":{"self":[{"href":"https:\/\/crmotosrosario.com.ar\/wp\/wp-json\/wp\/v2\/product\/5886"}],"collection":[{"href":"https:\/\/crmotosrosario.com.ar\/wp\/wp-json\/wp\/v2\/product"}],"about":[{"href":"https:\/\/crmotosrosario.com.ar\/wp\/wp-json\/wp\/v2\/types\/product"}],"replies":[{"embeddable":true,"href":"https:\/\/crmotosrosario.com.ar\/wp\/wp-json\/wp\/v2\/comments?post=5886"}],"wp:featuredmedia":[{"embeddable":true,"href":"https:\/\/crmotosrosario.com.ar\/wp\/wp-json\/wp\/v2\/media\/5928"}],"wp:attachment":[{"href":"https:\/\/crmotosrosario.com.ar\/wp\/wp-json\/wp\/v2\/media?parent=5886"}],"wp:term":[{"taxonomy":"product_cat","embeddable":true,"href":"https:\/\/crmotosrosario.com.ar\/wp\/wp-json\/wp\/v2\/product_cat?post=5886"},{"taxonomy":"product_tag","embeddable":true,"href":"https:\/\/crmotosrosario.com.ar\/wp\/wp-json\/wp\/v2\/product_tag?post=5886"}],"curies":[{"name":"wp","href":"https:\/\/api.w.org\/{rel}","templated":true}]}}